{"id":622,"date":"2026-01-14T09:49:39","date_gmt":"2026-01-14T09:49:39","guid":{"rendered":"https:\/\/lasker.com\/new\/?page_id=622"},"modified":"2026-01-26T16:12:08","modified_gmt":"2026-01-26T16:12:08","slug":"politica-de-privacidad","status":"publish","type":"page","link":"https:\/\/lasker.com\/en\/politica-de-privacidad\/","title":{"rendered":"Pol\u00edtica de privacidad"},"content":{"rendered":"\t\t<div data-elementor-type=\"wp-page\" data-elementor-id=\"622\" class=\"elementor elementor-622\" data-elementor-post-type=\"page\">\n\t\t\t\t<div class=\"elementor-element elementor-element-275c81e5 e-flex e-con-boxed e-con e-parent\" data-id=\"275c81e5\" data-element_type=\"container\" data-e-type=\"container\">\n\t\t\t\t\t<div class=\"e-con-inner\">\n\t\t\t\t<div class=\"elementor-element elementor-element-ff3d2c6 elementor-widget elementor-widget-heading\" data-id=\"ff3d2c6\" data-element_type=\"widget\" data-e-type=\"widget\" data-widget_type=\"heading.default\">\n\t\t\t\t\t<h2 class=\"elementor-heading-title elementor-size-default\">POL\u00cdTICA DE PRIVACIDAD Y PROTECCI\u00d3N DE DATOS PERSONALES<\/h2>\t\t\t\t<\/div>\n\t\t\t\t<div class=\"elementor-element elementor-element-6e94d596 elementor-widget elementor-widget-text-editor\" data-id=\"6e94d596\" data-element_type=\"widget\" data-e-type=\"widget\" data-widget_type=\"text-editor.default\">\n\t\t\t\t\t\t\t\t\t<p class=\"p2\"><b>NORMATIVA APLICABLE<\/b><b><\/b><\/p>\n<p class=\"p2\">En aplicaci\u00f3n del Reglamento (UE) 2016\/679 del Parlamento Europeo y del Consejo de 27 de abril de 2016 relativo a la protecci\u00f3n de las personas f\u00edsicas en lo que respecta al tratamiento de datos personales y a la libre circulaci\u00f3n de estos datos (en adelante, el Reglamento general de protecci\u00f3n de datos o \u201cRGPD\u201d), as\u00ed como de la normativa de desarrollo que del mismo se pueda derivar, queremos informarle sobre ciertos aspectos relativos al tratamiento de sus datos que llevaremos a cabo como consecuencia de su navegaci\u00f3n en nuestra p\u00e1gina web, y sobre los derechos que le asisten.<\/p>\n<p class=\"p2\"><b>RESPONSABLE DEL TRATAMIENTO DE DATOS PERSONALES<\/b><b><\/b><\/p>\n<p class=\"p2\">El responsable del tratamiento de sus datos personales es SERVICIOS INTEGRADOS LASKER, S.L. (C.I.F. B87850053), con domicilio en la Plaza de las Salesas n\u00ba 3 \u2013 3\u00ba dcha. 28004 Madrid, y para estos fines, el n\u00famero de tel\u00e9fono (+34) 910 88 55 50 y la siguiente direcci\u00f3n de correo electr\u00f3nico: info@lasker.com<\/p>\n<p class=\"p2\"><b>FINALIDADES DEL TRATAMIENTO Y LEGITIMACI\u00d3N<\/b><b><\/b><\/p>\n<p class=\"p2\">SERVICIOS INTEGRADOS LASKER, S.L. (en adelante \u201cLasker\u201d) trata sus datos personales con los siguientes fines y con la base legal que a continuaci\u00f3n se indica:<\/p>\n<ul class=\"ul1\">\n<li class=\"li2\">Gestionar la relaci\u00f3n mercantil que ha suscrito y contratado con nosotros.<br>\n<ul class=\"ul1\">\n<li class=\"li2\">Ejecuci\u00f3n de un contrato (art\u00edculo 6.1.b RGPD)<\/li>\n<li class=\"li2\">Consentimiento del interesado (art\u00edculo 6.1.a RGPD)<\/li>\n<\/ul>\n<\/li>\n<li class=\"li2\">Realizaci\u00f3n de un presupuesto ajustado a sus necesidades.<br>\n<ul class=\"ul1\">\n<li class=\"li2\">Consentimiento del interesado (art\u00edculo 6.1.a RGPD)<\/li>\n<\/ul>\n<\/li>\n<li class=\"li2\">Gestionar comunicaciones por correo electr\u00f3nico con interesados.<br>\n<ul class=\"ul1\">\n<li class=\"li2\">Consentimiento del interesado (art\u00edculo 6.1.a RGPD)<br><br><\/li>\n<\/ul>\n<\/li>\n<\/ul>\n<p class=\"p2\"><b>PERIODO DE CONSERVACI\u00d3N<\/b><b><\/b><\/p>\n<p class=\"p2\">Los datos personales que nos proporcione ser\u00e1n conservados mientras nuestra relaci\u00f3n mercantil contin\u00fae vigente. En todo caso, cuando los datos personales no sean necesarios para el fin para el que fueron recabados y mientras no se proceda a la cancelaci\u00f3n definitiva de los mismos, se conservar\u00e1n de forma bloqueada.<\/p>\n<p class=\"p2\">Sin embargo, le informamos que de forma peri\u00f3dica revisaremos nuestros sistemas para proceder a eliminar aquellos datos que no sean legalmente necesarios.<\/p>\n<p class=\"p2\"><b>SUS DERECHOS ARCO+<\/b><b><\/b><\/p>\n<p class=\"p2\">Puede ejercitar cualquiera de los derechos ARCO+ comunic\u00e1ndolo a la direcci\u00f3n postal Plaza de las Salesas n\u00ba 3 \u2013 3\u00ba dcha. 28004 Madrid o a la direcci\u00f3n electr\u00f3nica &lt;<a href=\"mailto:jorge.moreno@moreno-venturi.com\"><span class=\"s1\">&nbsp;info@lasker.com&nbsp;<\/span><\/a><\/p>\n<p class=\"p2\">&gt;. En todo caso, seg\u00fan la normativa vigente tiene reconocidos los siguientes derechos ARCO+:<\/p>\n<ul class=\"ul1\">\n<li class=\"li2\">Derecho de acceso a sus datos personales<\/li>\n<li class=\"li2\">Derecho a solicitar su rectificaci\u00f3n o supresi\u00f3n<\/li>\n<li class=\"li2\">Derecho a solicitar la limitaci\u00f3n del tratamiento<\/li>\n<li class=\"li2\">Derecho a oponerse al tratamiento<\/li>\n<li class=\"li2\">Derecho a la portabilidad de sus datos<\/li>\n<li class=\"li2\">Derecho a revocar el consentimiento prestado<br><br><\/li>\n<\/ul>\n<p class=\"p2\"><b>DESTINATARIOS DE SUS DATOS<\/b><b><\/b><\/p>\n<p class=\"p2\">Salvo los \u00f3rganos judiciales encargados de conocer sobre la defensa de los derechos que usted nos haya encomendado, sus datos no ser\u00e1n comunicados a ninguna otra persona, siempre y cuando usted no haya dado su expreso consentimiento para ello o el tratamiento no sea necesario para ejecutar su relaci\u00f3n mercantil, satisfacer los intereses leg\u00edtimos y\/o vitales del interesado o cuando Lasker est\u00e9 contractual o legalmente obligado a facilitarlos.<\/p>\n<p class=\"p2\">Asimismo, le informamos que sus datos no se transferir\u00e1n internacionalmente a ning\u00fan tercer pa\u00eds.<\/p>\n<p class=\"p2\"><b>PROCEDENCIA Y CATEGORIA DE SUS DATOS<\/b><b><\/b><\/p>\n<p class=\"p2\">Los datos de car\u00e1cter personal que utiliza Lasker proceden del propio interesado. En el caso de que alg\u00fan cliente nos proporcione datos de car\u00e1cter personal de terceras personas, el cliente nos garantiza que les ha informado con car\u00e1cter previo a su inclusi\u00f3n, de los extremos contenidos en la presente Pol\u00edtica de Privacidad, respondiendo personalmente frente a Lasker de cuantos da\u00f1os y perjuicios puedan derivarse en caso de contravenci\u00f3n.<\/p>\n<p class=\"p2\">De manera enunciativa y no limitativa, los datos personales tratados por Lasker son datos identificativos, de informaci\u00f3n comercial, bancarios y de transacciones de bienes y servicios, datos relativos a la salud o datos de condenas o infracciones penales y\/o administrativas.<\/p>\n<p class=\"p2\">En cualquier caso, sus datos ser\u00e1n tratados con un nivel de protecci\u00f3n de acuerdo a las normas aplicables sobre Protecci\u00f3n de Datos y no se someter\u00e1n a decisiones automatizadas.<\/p>\n<p class=\"p2\"><b>AUTORIDAD DE CONTROL<\/b><b><\/b><\/p>\n<p class=\"p2\">En el caso de que usted entienda que sus derechos se han visto menoscabados, puede presentar una reclamaci\u00f3n ante la Agencia Espa\u00f1ola de Protecci\u00f3n de Datos (AEPD), sita en la calle Jorge Juan 6, 28001 \u2013 Madrid. M\u00e1s informaci\u00f3n sobre la AEPD en&nbsp;<a href=\"http:\/\/www.aepd.es\/\"><span class=\"s1\">http:\/\/www.aepd.es\/<\/span><\/a><\/p>\n<p class=\"p4\">Pol\u00edtica de privacidad (texto web)<\/p>\n<p class=\"p2\"><span class=\"s2\">En virtud de la Ley Org\u00e1nica 15\/1999, de 13 de diciembre, de Protecci\u00f3n de Datos de Car\u00e1cter Personal, se le informa de que sus datos personales quedar\u00e1n recogidos en un fichero que se encuentra bajo la responsabilidad de SERVICIOS INTEGRADOS LASKER, S.L., con domicilio en Plaza de las Salesas 3,&nbsp;28004, Madrid, con la finalidad de considerar las candidaturas de empleo.<br>Podr\u00e1 ejercitar los derechos de acceso, rectificaci\u00f3n, cancelaci\u00f3n y oposici\u00f3n, dirigi\u00e9ndose por escrito a la direcci\u00f3n indicada anteriormente.<br><br><br><br><br><br><br><br><br><br><br><br><\/span><\/p>\n<p><!-- \/wp:paragraph --><\/p>\t\t\t\t\t\t\t\t<\/div>\n\t\t\t\t\t<\/div>\n\t\t\t\t<\/div>\n\t\t\t\t<\/div>\n\t\t","protected":false},"excerpt":{"rendered":"<p>POL\u00cdTICA DE PRIVACIDAD Y PROTECCI\u00d3N DE DATOS PERSONALES NORMATIVA APLICABLE En aplicaci\u00f3n del Reglamento (UE) 2016\/679 del Parlamento Europeo y del Consejo de 27 de abril de 2016 relativo a la protecci\u00f3n de las personas f\u00edsicas en lo que respecta al tratamiento de datos personales y a la libre circulaci\u00f3n de estos datos (en adelante, [&hellip;]<\/p>\n","protected":false},"author":1,"featured_media":0,"parent":0,"menu_order":8,"comment_status":"closed","ping_status":"closed","template":"","meta":{"footnotes":""},"class_list":["post-622","page","type-page","status-publish","hentry"],"aioseo_notices":[],"_links":{"self":[{"href":"https:\/\/lasker.com\/en\/wp-json\/wp\/v2\/pages\/622","targetHints":{"allow":["GET"]}}],"collection":[{"href":"https:\/\/lasker.com\/en\/wp-json\/wp\/v2\/pages"}],"about":[{"href":"https:\/\/lasker.com\/en\/wp-json\/wp\/v2\/types\/page"}],"author":[{"embeddable":true,"href":"https:\/\/lasker.com\/en\/wp-json\/wp\/v2\/users\/1"}],"replies":[{"embeddable":true,"href":"https:\/\/lasker.com\/en\/wp-json\/wp\/v2\/comments?post=622"}],"version-history":[{"count":0,"href":"https:\/\/lasker.com\/en\/wp-json\/wp\/v2\/pages\/622\/revisions"}],"wp:attachment":[{"href":"https:\/\/lasker.com\/en\/wp-json\/wp\/v2\/media?parent=622"}],"curies":[{"name":"wp","href":"https:\/\/api.w.org\/{rel}","templated":true}]}}