{"id":3027,"date":"2026-02-25T00:21:45","date_gmt":"2026-02-24T23:21:45","guid":{"rendered":"https:\/\/lasker.com\/?page_id=3027"},"modified":"2026-03-07T17:20:42","modified_gmt":"2026-03-07T16:20:42","slug":"sobre-lasker","status":"publish","type":"page","link":"https:\/\/lasker.com\/en\/sobre-lasker\/","title":{"rendered":"Sobre Lasker"},"content":{"rendered":"\t\t<div data-elementor-type=\"wp-page\" data-elementor-id=\"3027\" class=\"elementor elementor-3027\" data-elementor-post-type=\"page\">\n\t\t\t\t<div class=\"elementor-element elementor-element-0f9d56a e-flex e-con-boxed e-con e-child\" data-id=\"0f9d56a\" data-element_type=\"container\" data-e-type=\"container\">\n\t\t\t\t\t<div class=\"e-con-inner\">\n\t\t<div class=\"elementor-element elementor-element-31b6a42 e-con-full e-flex e-con e-child\" data-id=\"31b6a42\" data-element_type=\"container\" data-e-type=\"container\">\n\t\t<div class=\"elementor-element elementor-element-5a268e5 e-con-full e-flex e-con e-child\" data-id=\"5a268e5\" data-element_type=\"container\" data-e-type=\"container\" data-settings=\"{&quot;background_background&quot;:&quot;classic&quot;}\">\n\t\t<div class=\"elementor-element elementor-element-adb1cef e-con-full e-flex e-con e-child\" data-id=\"adb1cef\" data-element_type=\"container\" data-e-type=\"container\">\n\t\t\t\t<div class=\"elementor-element elementor-element-5fb06fd elementor-widget__width-initial elementor-widget elementor-widget-heading\" data-id=\"5fb06fd\" data-element_type=\"widget\" data-e-type=\"widget\" data-widget_type=\"heading.default\">\n\t\t\t\t\t<h1 class=\"elementor-heading-title elementor-size-default\">Sobre Lasker<\/h1>\t\t\t\t<\/div>\n\t\t\t\t<div class=\"elementor-element elementor-element-2d6f3a9 elementor-widget-divider--view-line elementor-widget elementor-widget-divider\" data-id=\"2d6f3a9\" data-element_type=\"widget\" data-e-type=\"widget\" data-widget_type=\"divider.default\">\n\t\t\t\t\t\t\t<div class=\"elementor-divider\">\n\t\t\t<span class=\"elementor-divider-separator\">\n\t\t\t\t\t\t<\/span>\n\t\t<\/div>\n\t\t\t\t\t\t<\/div>\n\t\t\t\t<\/div>\n\t\t\t\t<\/div>\n\t\t\t\t<\/div>\n\t\t\t\t\t<\/div>\n\t\t\t\t<\/div>\n\t\t<div class=\"elementor-element elementor-element-93cfa27 e-flex e-con-boxed e-con e-parent\" data-id=\"93cfa27\" data-element_type=\"container\" data-e-type=\"container\">\n\t\t\t\t\t<div class=\"e-con-inner\">\n\t\t<div class=\"elementor-element elementor-element-8493182 e-con-full e-flex e-con e-child\" data-id=\"8493182\" data-element_type=\"container\" data-e-type=\"container\" data-settings=\"{&quot;background_background&quot;:&quot;classic&quot;}\">\n\t\t<div class=\"elementor-element elementor-element-833068d e-con-full e-flex e-con e-child\" data-id=\"833068d\" data-element_type=\"container\" data-e-type=\"container\">\n\t\t<div class=\"elementor-element elementor-element-a0b766b e-con-full e-flex e-con e-child\" data-id=\"a0b766b\" data-element_type=\"container\" data-e-type=\"container\">\n\t\t<div class=\"elementor-element elementor-element-5b7e9b8 e-con-full e-flex e-con e-child\" data-id=\"5b7e9b8\" data-element_type=\"container\" data-e-type=\"container\">\n\t\t\t\t<div class=\"elementor-element elementor-element-484aa4a elementor-widget__width-initial elementor-widget elementor-widget-heading\" data-id=\"484aa4a\" data-element_type=\"widget\" data-e-type=\"widget\" data-widget_type=\"heading.default\">\n\t\t\t\t\t<h3 class=\"elementor-heading-title elementor-size-default\">\u00bfQUI\u00c9NES SOMOS?<\/h3>\t\t\t\t<\/div>\n\t\t\t\t<div class=\"elementor-element elementor-element-efb8322 elementor-widget-divider--view-line elementor-widget elementor-widget-divider\" data-id=\"efb8322\" data-element_type=\"widget\" data-e-type=\"widget\" data-widget_type=\"divider.default\">\n\t\t\t\t\t\t\t<div class=\"elementor-divider\">\n\t\t\t<span class=\"elementor-divider-separator\">\n\t\t\t\t\t\t<\/span>\n\t\t<\/div>\n\t\t\t\t\t\t<\/div>\n\t\t\t\t<div class=\"elementor-element elementor-element-fdba9c7 elementor-widget__width-initial elementor-widget elementor-widget-heading\" data-id=\"fdba9c7\" data-element_type=\"widget\" data-e-type=\"widget\" data-widget_type=\"heading.default\">\n\t\t\t\t\t<p class=\"elementor-heading-title elementor-size-default\">Somos una consultora independiente que parte de la uni\u00f3n de profesionales especializados en Relaciones Institucionales y Comunicaci\u00f3n tanto a nivel nacional como europeo, para desarrollar una oferta de servicios personalizada, integral, flexible y centrada en aportar valor y resultados.<\/p>\t\t\t\t<\/div>\n\t\t\t\t<div class=\"elementor-element elementor-element-1ae4da0 elementor-widget elementor-widget-text-editor\" data-id=\"1ae4da0\" data-element_type=\"widget\" data-e-type=\"widget\" data-widget_type=\"text-editor.default\">\n\t\t\t\t\t\t\t\t\t<p>Una compa\u00f1\u00eda cuyo equipo multidisciplinar acumula d\u00e9cadas de experiencia. Para nosotros, la esencia de nuestros servicios, de la calidad en nuestro sector, est\u00e1 en la satisfacci\u00f3n de las distintas organizaciones para las que trabajamos y las personas que las representan. En ser capaces de sumar las capacidades y experiencia de los mejores profesionales en cada disciplina. En crear un entorno abierto, colaborativo y din\u00e1mico, que fomente la innovaci\u00f3n, las ideas y la suma de capacidades. De esta forma, impulsamos una compa\u00f1\u00eda concebida en torno al dise\u00f1o y desarrollo de estrategias adaptadas a las necesidades de cada cliente. En Lasker, construimos proyectos personalizados.<\/p><p>Aportamos las capacidades de profesionales seniors como interlocutores y l\u00edderes de cada proyecto, y asumimos que nuestro verdadero valor como consultora reside en las personas, en nuestra implicaci\u00f3n efectiva y en la capacidad de sumar con cada cliente para conseguir resultados.<\/p>\t\t\t\t\t\t\t\t<\/div>\n\t\t\t\t<\/div>\n\t\t\t\t<\/div>\n\t\t\t\t<\/div>\n\t\t\t\t<\/div>\n\t\t<div class=\"elementor-element elementor-element-5e8d8a7 e-con-full e-flex e-con e-child\" data-id=\"5e8d8a7\" data-element_type=\"container\" data-e-type=\"container\" data-settings=\"{&quot;background_background&quot;:&quot;classic&quot;}\">\n\t\t<div class=\"elementor-element elementor-element-8530704 e-con-full e-flex e-con e-child\" data-id=\"8530704\" data-element_type=\"container\" data-e-type=\"container\">\n\t\t<div class=\"elementor-element elementor-element-a0becf1 e-con-full e-flex e-con e-child\" data-id=\"a0becf1\" data-element_type=\"container\" data-e-type=\"container\">\n\t\t\t\t<div class=\"elementor-element elementor-element-4701cb2 elementor-widget__width-initial elementor-widget elementor-widget-heading\" data-id=\"4701cb2\" data-element_type=\"widget\" data-e-type=\"widget\" data-widget_type=\"heading.default\">\n\t\t\t\t\t<h3 class=\"elementor-heading-title elementor-size-default\">NUESTRO MODELO<\/h3>\t\t\t\t<\/div>\n\t\t\t\t<div class=\"elementor-element elementor-element-dd729e6 elementor-widget-divider--view-line elementor-widget elementor-widget-divider\" data-id=\"dd729e6\" data-element_type=\"widget\" data-e-type=\"widget\" data-widget_type=\"divider.default\">\n\t\t\t\t\t\t\t<div class=\"elementor-divider\">\n\t\t\t<span class=\"elementor-divider-separator\">\n\t\t\t\t\t\t<\/span>\n\t\t<\/div>\n\t\t\t\t\t\t<\/div>\n\t\t\t\t<div class=\"elementor-element elementor-element-4bdc70a elementor-widget__width-initial elementor-widget elementor-widget-heading\" data-id=\"4bdc70a\" data-element_type=\"widget\" data-e-type=\"widget\" data-widget_type=\"heading.default\">\n\t\t\t\t\t<p class=\"elementor-heading-title elementor-size-default\">En Lasker, nuestra prioridad son los clientes. Cultivamos un m\u00e9todo de trabajo en el que ponemos a prueba el planteamiento de cada proyecto desde el inicio para obtener los resultados deseados. <\/p>\t\t\t\t<\/div>\n\t\t\t\t<div class=\"elementor-element elementor-element-3f2ff1b elementor-widget elementor-widget-text-editor\" data-id=\"3f2ff1b\" data-element_type=\"widget\" data-e-type=\"widget\" data-widget_type=\"text-editor.default\">\n\t\t\t\t\t\t\t\t\tPoniendo la tecnolog\u00eda y la innovaci\u00f3n al servicio de lo que hacemos y sumando inteligencias y conocimientos propios para encontrar la mejor soluci\u00f3n, aquella que se adapte mejor al cliente.\n<br><br>\nEs por ello que apostamos por un modelo basado en la integraci\u00f3n del conocimiento, en torno a las Relaciones Institucionales y la Comunicaci\u00f3n, gestionadas por los mejores profesionales, lo que nos permite ofrecer plena flexibilidad y dinamismo para adaptarnos con la m\u00e1xima eficiencia a las necesidades de cada cliente.\n\nPriorizamos la estrategia como vector fundamental para generar valor y \u00e9xitos. Sumamos donde realmente lo necesite el cliente, abarcando servicios de naturaleza m\u00e1s tradicional hasta proyectos disruptivos de transformaci\u00f3n digital, inteligencia corporativa o campa\u00f1as de movilizaci\u00f3n de terceras partes. Planteamientos integrados que suman eficiencia y eficacia a nuestras estrategias tanto institucionales y corporativas, como de gesti\u00f3n de marcas.\t\t\t\t\t\t\t\t<\/div>\n\t\t\t\t<\/div>\n\t\t\t\t<\/div>\n\t\t\t\t<\/div>\n\t\t\t\t\t<\/div>\n\t\t\t\t<\/div>\n\t\t\t\t<\/div>\n\t\t","protected":false},"excerpt":{"rendered":"<p>Sobre Lasker \u00bfQUI\u00c9NES SOMOS? Somos una consultora independiente que parte de la uni\u00f3n de profesionales especializados en Relaciones Institucionales y Comunicaci\u00f3n tanto a nivel nacional como europeo, para desarrollar una oferta de servicios personalizada, integral, flexible y centrada en aportar valor y resultados. Una compa\u00f1\u00eda cuyo equipo multidisciplinar acumula d\u00e9cadas de experiencia. Para nosotros, la [&hellip;]<\/p>\n","protected":false},"author":1,"featured_media":0,"parent":0,"menu_order":2,"comment_status":"closed","ping_status":"closed","template":"","meta":{"footnotes":""},"class_list":["post-3027","page","type-page","status-publish","hentry"],"aioseo_notices":[],"_links":{"self":[{"href":"https:\/\/lasker.com\/en\/wp-json\/wp\/v2\/pages\/3027","targetHints":{"allow":["GET"]}}],"collection":[{"href":"https:\/\/lasker.com\/en\/wp-json\/wp\/v2\/pages"}],"about":[{"href":"https:\/\/lasker.com\/en\/wp-json\/wp\/v2\/types\/page"}],"author":[{"embeddable":true,"href":"https:\/\/lasker.com\/en\/wp-json\/wp\/v2\/users\/1"}],"replies":[{"embeddable":true,"href":"https:\/\/lasker.com\/en\/wp-json\/wp\/v2\/comments?post=3027"}],"version-history":[{"count":16,"href":"https:\/\/lasker.com\/en\/wp-json\/wp\/v2\/pages\/3027\/revisions"}],"predecessor-version":[{"id":3354,"href":"https:\/\/lasker.com\/en\/wp-json\/wp\/v2\/pages\/3027\/revisions\/3354"}],"wp:attachment":[{"href":"https:\/\/lasker.com\/en\/wp-json\/wp\/v2\/media?parent=3027"}],"curies":[{"name":"wp","href":"https:\/\/api.w.org\/{rel}","templated":true}]}}