{"id":2458,"date":"2026-02-12T15:28:00","date_gmt":"2026-02-12T14:28:00","guid":{"rendered":"https:\/\/lasker.com\/?page_id=2458"},"modified":"2026-03-11T07:28:58","modified_gmt":"2026-03-11T06:28:58","slug":"dimension-internacional","status":"publish","type":"page","link":"https:\/\/lasker.com\/en\/dimension-internacional\/","title":{"rendered":"Dimensi\u00f3n internacional"},"content":{"rendered":"\t\t<div data-elementor-type=\"wp-page\" data-elementor-id=\"2458\" class=\"elementor elementor-2458\" data-elementor-post-type=\"page\">\n\t\t\t\t<div class=\"elementor-element elementor-element-dfbcc36 e-flex e-con-boxed e-con e-parent\" data-id=\"dfbcc36\" data-element_type=\"container\" data-e-type=\"container\">\n\t\t\t\t\t<div class=\"e-con-inner\">\n\t\t<div class=\"elementor-element elementor-element-3c77602 e-con-full e-flex e-con e-child\" data-id=\"3c77602\" data-element_type=\"container\" data-e-type=\"container\" data-settings=\"{&quot;background_background&quot;:&quot;classic&quot;}\">\n\t\t<div class=\"elementor-element elementor-element-2305ce7 e-con-full e-flex e-con e-child\" data-id=\"2305ce7\" data-element_type=\"container\" data-e-type=\"container\">\n\t\t\t\t<div class=\"elementor-element elementor-element-c91883b elementor-widget elementor-widget-heading\" data-id=\"c91883b\" data-element_type=\"widget\" data-e-type=\"widget\" data-widget_type=\"heading.default\">\n\t\t\t\t\t<h1 class=\"elementor-heading-title elementor-size-default\"><b><i>Dimensi\u00f3n<br>\nInternacional<\/i><\/b><\/h1>\t\t\t\t<\/div>\n\t\t\t\t<div class=\"elementor-element elementor-element-7cf84b5 elementor-widget-divider--view-line elementor-widget elementor-widget-divider\" data-id=\"7cf84b5\" data-element_type=\"widget\" data-e-type=\"widget\" data-widget_type=\"divider.default\">\n\t\t\t\t\t\t\t<div class=\"elementor-divider\">\n\t\t\t<span class=\"elementor-divider-separator\">\n\t\t\t\t\t\t<\/span>\n\t\t<\/div>\n\t\t\t\t\t\t<\/div>\n\t\t\t\t<\/div>\n\t\t\t\t<\/div>\n\t\t\t\t\t<\/div>\n\t\t\t\t<\/div>\n\t\t<div class=\"elementor-element elementor-element-6cefa16c e-flex e-con-boxed e-con e-parent\" data-id=\"6cefa16c\" data-element_type=\"container\" data-e-type=\"container\">\n\t\t\t\t\t<div class=\"e-con-inner\">\n\t\t<div class=\"elementor-element elementor-element-3c1ad08 e-con-full e-flex e-con e-child\" data-id=\"3c1ad08\" data-element_type=\"container\" data-e-type=\"container\" data-settings=\"{&quot;background_background&quot;:&quot;classic&quot;}\">\n\t\t<div class=\"elementor-element elementor-element-2e42241 e-con-full e-flex e-con e-child\" data-id=\"2e42241\" data-element_type=\"container\" data-e-type=\"container\">\n\t\t<div class=\"elementor-element elementor-element-a046009 e-con-full e-flex e-con e-child\" data-id=\"a046009\" data-element_type=\"container\" data-e-type=\"container\">\n\t\t<div class=\"elementor-element elementor-element-47c6b0d e-con-full e-flex e-con e-child\" data-id=\"47c6b0d\" data-element_type=\"container\" data-e-type=\"container\">\n\t\t\t\t<div class=\"elementor-element elementor-element-8264e95 elementor-widget__width-initial elementor-widget elementor-widget-heading\" data-id=\"8264e95\" data-element_type=\"widget\" data-e-type=\"widget\" data-widget_type=\"heading.default\">\n\t\t\t\t\t<p class=\"elementor-heading-title elementor-size-default\">Lasker es una consultora estrat\u00e9gica de\nrelaciones institucionales independiente, con una\ns\u00f3lida trayectoria en el acompa\u00f1amiento a\norganizaciones que operan en entornos\nnormativos y pol\u00edticos complejos a escala global.<\/p>\t\t\t\t<\/div>\n\t\t\t\t<div class=\"elementor-element elementor-element-19bf5ce elementor-widget elementor-widget-text-editor\" data-id=\"19bf5ce\" data-element_type=\"widget\" data-e-type=\"widget\" data-widget_type=\"text-editor.default\">\n\t\t\t\t\t\t\t\t\t<p>Desde nuestra fundaci\u00f3n en 2017, hemos apoyado a empresas e instituciones a desarrollar estrategias eficaces y sostenibles en m\u00faltiples jurisdicciones.<br \/>Trabajamos con clientes activos en la Uni\u00f3n Europea y sus Estados miembros, as\u00ed como en Am\u00e9rica Latina, \u00c1frica y Oriente Medio, ofreci\u00e9ndoles un punto de coordinaci\u00f3n \u00fanico para abordar desaf\u00edos regulatorios, institucionales y reputacionales. <strong>Nuestra experiencia internacional se basa en el rigor anal\u00edtico, el conocimiento profundo del funcionamiento de las administraciones p\u00fablicas y la capacidad de interlocuci\u00f3n con actores clave en cada contexto.<\/strong><br \/>Combinamos an\u00e1lisis normativo, posicionamiento institucional, asuntos p\u00fablicos, consultor\u00eda pol\u00edtica y comunicaci\u00f3n estrat\u00e9gica para ayudar a nuestros clientes a tomar decisiones informadas, defender sus intereses y fortalecer su legitimidad ante gobiernos, reguladores y la sociedad.<br \/>Gestionamos proyectos internacionales que van desde la evaluaci\u00f3n comparativa y el an\u00e1lisis legislativo hasta el dise\u00f1o e implementaci\u00f3n de campa\u00f1as de advocacy, la articulaci\u00f3n de alianzas con terceros y la creaci\u00f3n de coaliciones independientes. Nuestra labor se fundamenta en la confianza, la comprensi\u00f3n de las din\u00e1micas locales y una visi\u00f3n global al servicio de objetivos concretos.<\/p>\t\t\t\t\t\t\t\t<\/div>\n\t\t\t\t<\/div>\n\t\t\t\t<\/div>\n\t\t<div class=\"elementor-element elementor-element-728b07d e-con-full e-flex e-con e-child\" data-id=\"728b07d\" data-element_type=\"container\" data-e-type=\"container\">\n\t\t<div class=\"elementor-element elementor-element-8e6a6f2 e-con-full e-flex e-con e-child\" data-id=\"8e6a6f2\" data-element_type=\"container\" data-e-type=\"container\">\n\t\t\t\t<\/div>\n\t\t<div class=\"elementor-element elementor-element-e4342ec e-con-full e-flex e-con e-child\" data-id=\"e4342ec\" data-element_type=\"container\" data-e-type=\"container\">\n\t\t\t\t<div class=\"elementor-element elementor-element-059947b elementor-widget__width-initial elementor-widget elementor-widget-heading\" data-id=\"059947b\" data-element_type=\"widget\" data-e-type=\"widget\" data-settings=\"{&quot;motion_fx_motion_fx_scrolling&quot;:&quot;yes&quot;,&quot;motion_fx_translateX_effect&quot;:&quot;yes&quot;,&quot;motion_fx_translateX_direction&quot;:&quot;negative&quot;,&quot;motion_fx_translateX_affectedRange&quot;:{&quot;unit&quot;:&quot;%&quot;,&quot;size&quot;:&quot;&quot;,&quot;sizes&quot;:{&quot;start&quot;:0,&quot;end&quot;:50}},&quot;motion_fx_translateX_speed&quot;:{&quot;unit&quot;:&quot;px&quot;,&quot;size&quot;:4,&quot;sizes&quot;:[]},&quot;motion_fx_devices&quot;:[&quot;desktop&quot;,&quot;laptop&quot;,&quot;tablet&quot;,&quot;mobile&quot;]}\" data-widget_type=\"heading.default\">\n\t\t\t\t\t<p class=\"elementor-heading-title elementor-size-default\">EQUIPO<br>INTERNACIONAL<br>MULTICULTURAL<\/p>\t\t\t\t<\/div>\n\t\t\t\t<div class=\"elementor-element elementor-element-af985ce elementor-widget__width-initial elementor-widget elementor-widget-heading\" data-id=\"af985ce\" data-element_type=\"widget\" data-e-type=\"widget\" data-settings=\"{&quot;motion_fx_motion_fx_scrolling&quot;:&quot;yes&quot;,&quot;motion_fx_scale_effect&quot;:&quot;yes&quot;,&quot;motion_fx_scale_range&quot;:{&quot;unit&quot;:&quot;%&quot;,&quot;size&quot;:&quot;&quot;,&quot;sizes&quot;:{&quot;start&quot;:21,&quot;end&quot;:50}},&quot;motion_fx_scale_direction&quot;:&quot;out-in&quot;,&quot;motion_fx_scale_speed&quot;:{&quot;unit&quot;:&quot;px&quot;,&quot;size&quot;:4,&quot;sizes&quot;:[]},&quot;motion_fx_devices&quot;:[&quot;desktop&quot;,&quot;laptop&quot;,&quot;tablet&quot;,&quot;mobile&quot;]}\" data-widget_type=\"heading.default\">\n\t\t\t\t\t<p class=\"elementor-heading-title elementor-size-default\">EXPERIENCIA EN<br>\nPROYECTOS<br>\nINTERNACIONALES<\/p>\t\t\t\t<\/div>\n\t\t\t\t<div class=\"elementor-element elementor-element-2e892ef elementor-widget__width-initial elementor-widget elementor-widget-heading\" data-id=\"2e892ef\" data-element_type=\"widget\" data-e-type=\"widget\" data-settings=\"{&quot;motion_fx_motion_fx_scrolling&quot;:&quot;yes&quot;,&quot;motion_fx_translateX_effect&quot;:&quot;yes&quot;,&quot;motion_fx_translateX_affectedRange&quot;:{&quot;unit&quot;:&quot;%&quot;,&quot;size&quot;:&quot;&quot;,&quot;sizes&quot;:{&quot;start&quot;:0,&quot;end&quot;:50}},&quot;motion_fx_translateX_speed&quot;:{&quot;unit&quot;:&quot;px&quot;,&quot;size&quot;:4,&quot;sizes&quot;:[]},&quot;motion_fx_devices&quot;:[&quot;desktop&quot;,&quot;laptop&quot;,&quot;tablet&quot;,&quot;mobile&quot;]}\" data-widget_type=\"heading.default\">\n\t\t\t\t\t<p class=\"elementor-heading-title elementor-size-default\">CONOCEMOS LAS<br>\nREGULACIONES<br>\nY JURISDICCIONES<br>\nEXTRANJERAS<\/p>\t\t\t\t<\/div>\n\t\t\t\t<div class=\"elementor-element elementor-element-2d062b5 elementor-widget__width-initial elementor-widget elementor-widget-heading\" data-id=\"2d062b5\" data-element_type=\"widget\" data-e-type=\"widget\" data-settings=\"{&quot;motion_fx_motion_fx_scrolling&quot;:&quot;yes&quot;,&quot;motion_fx_translateX_effect&quot;:&quot;yes&quot;,&quot;motion_fx_translateX_direction&quot;:&quot;negative&quot;,&quot;motion_fx_translateX_affectedRange&quot;:{&quot;unit&quot;:&quot;%&quot;,&quot;size&quot;:&quot;&quot;,&quot;sizes&quot;:{&quot;start&quot;:0,&quot;end&quot;:50}},&quot;motion_fx_translateX_speed&quot;:{&quot;unit&quot;:&quot;px&quot;,&quot;size&quot;:4,&quot;sizes&quot;:[]},&quot;motion_fx_devices&quot;:[&quot;desktop&quot;,&quot;laptop&quot;,&quot;tablet&quot;,&quot;mobile&quot;]}\" data-widget_type=\"heading.default\">\n\t\t\t\t\t<p class=\"elementor-heading-title elementor-size-default\">RED DE COLABORADORES<br>\nINTERNACIONAL<\/p>\t\t\t\t<\/div>\n\t\t\t\t<div class=\"elementor-element elementor-element-8a80d31 elementor-widget__width-initial elementor-widget elementor-widget-heading\" data-id=\"8a80d31\" data-element_type=\"widget\" data-e-type=\"widget\" data-settings=\"{&quot;motion_fx_motion_fx_scrolling&quot;:&quot;yes&quot;,&quot;motion_fx_translateX_effect&quot;:&quot;yes&quot;,&quot;motion_fx_translateX_affectedRange&quot;:{&quot;unit&quot;:&quot;%&quot;,&quot;size&quot;:&quot;&quot;,&quot;sizes&quot;:{&quot;start&quot;:0,&quot;end&quot;:50}},&quot;motion_fx_translateX_speed&quot;:{&quot;unit&quot;:&quot;px&quot;,&quot;size&quot;:4,&quot;sizes&quot;:[]},&quot;motion_fx_devices&quot;:[&quot;desktop&quot;,&quot;laptop&quot;,&quot;tablet&quot;,&quot;mobile&quot;]}\" data-widget_type=\"heading.default\">\n\t\t\t\t\t<p class=\"elementor-heading-title elementor-size-default\">TRABAJAMOS<br>\nEN 10 IDIOMAS<\/p>\t\t\t\t<\/div>\n\t\t\t\t<\/div>\n\t\t\t\t<\/div>\n\t\t\t\t<\/div>\n\t\t<div class=\"elementor-element elementor-element-3311548 e-con-full e-flex e-con e-child\" data-id=\"3311548\" data-element_type=\"container\" data-e-type=\"container\" data-settings=\"{&quot;background_background&quot;:&quot;classic&quot;,&quot;motion_fx_motion_fx_scrolling&quot;:&quot;yes&quot;,&quot;motion_fx_translateY_effect&quot;:&quot;yes&quot;,&quot;motion_fx_translateY_speed&quot;:{&quot;unit&quot;:&quot;px&quot;,&quot;size&quot;:10,&quot;sizes&quot;:[]},&quot;motion_fx_translateY_affectedRange&quot;:{&quot;unit&quot;:&quot;%&quot;,&quot;size&quot;:&quot;&quot;,&quot;sizes&quot;:{&quot;start&quot;:0,&quot;end&quot;:50}},&quot;motion_fx_devices&quot;:[&quot;desktop&quot;,&quot;tablet&quot;],&quot;motion_fx_range&quot;:&quot;viewport&quot;,&quot;motion_fx_translateY_direction&quot;:&quot;negative&quot;}\">\n\t\t\t\t<div class=\"elementor-element elementor-element-5bac566 elementor-widget__width-inherit elementor-absolute elementor-widget elementor-widget-video\" data-id=\"5bac566\" data-element_type=\"widget\" data-e-type=\"widget\" data-settings=\"{&quot;video_type&quot;:&quot;hosted&quot;,&quot;autoplay&quot;:&quot;yes&quot;,&quot;play_on_mobile&quot;:&quot;yes&quot;,&quot;mute&quot;:&quot;yes&quot;,&quot;loop&quot;:&quot;yes&quot;,&quot;_position&quot;:&quot;absolute&quot;}\" data-widget_type=\"video.default\">\n\t\t\t\t\t\t\t<div class=\"e-hosted-video elementor-wrapper elementor-open-inline\">\n\t\t\t\t\t<video class=\"elementor-video\" src=\"https:\/\/lasker.com\/wp-content\/uploads\/2026\/01\/Loop-video-mapa.mp4\" autoplay=\"\" loop=\"\" muted=\"muted\" playsinline=\"\" controlsList=\"nodownload\"><\/video>\n\t\t\t\t<\/div>\n\t\t\t\t\t\t<\/div>\n\t\t\t\t<\/div>\n\t\t\t\t<\/div>\n\t\t\t\t\t<\/div>\n\t\t\t\t<\/div>\n\t\t\t\t<\/div>\n\t\t","protected":false},"excerpt":{"rendered":"<p>Dimensi\u00f3n Internacional Lasker es una consultora estrat\u00e9gica de relaciones institucionales independiente, con una s\u00f3lida trayectoria en el acompa\u00f1amiento a organizaciones que operan en entornos normativos y pol\u00edticos complejos a escala global. Desde nuestra fundaci\u00f3n en 2017, hemos apoyado a empresas e instituciones a desarrollar estrategias eficaces y sostenibles en m\u00faltiples jurisdicciones.Trabajamos con clientes activos en [&hellip;]<\/p>\n","protected":false},"author":1,"featured_media":0,"parent":0,"menu_order":3,"comment_status":"closed","ping_status":"closed","template":"","meta":{"footnotes":""},"class_list":["post-2458","page","type-page","status-publish","hentry"],"aioseo_notices":[],"_links":{"self":[{"href":"https:\/\/lasker.com\/en\/wp-json\/wp\/v2\/pages\/2458","targetHints":{"allow":["GET"]}}],"collection":[{"href":"https:\/\/lasker.com\/en\/wp-json\/wp\/v2\/pages"}],"about":[{"href":"https:\/\/lasker.com\/en\/wp-json\/wp\/v2\/types\/page"}],"author":[{"embeddable":true,"href":"https:\/\/lasker.com\/en\/wp-json\/wp\/v2\/users\/1"}],"replies":[{"embeddable":true,"href":"https:\/\/lasker.com\/en\/wp-json\/wp\/v2\/comments?post=2458"}],"version-history":[{"count":40,"href":"https:\/\/lasker.com\/en\/wp-json\/wp\/v2\/pages\/2458\/revisions"}],"predecessor-version":[{"id":3468,"href":"https:\/\/lasker.com\/en\/wp-json\/wp\/v2\/pages\/2458\/revisions\/3468"}],"wp:attachment":[{"href":"https:\/\/lasker.com\/en\/wp-json\/wp\/v2\/media?parent=2458"}],"curies":[{"name":"wp","href":"https:\/\/api.w.org\/{rel}","templated":true}]}}