{"id":2146,"date":"2026-01-26T16:09:40","date_gmt":"2026-01-26T16:09:40","guid":{"rendered":"https:\/\/lasker.com\/new\/?page_id=2146"},"modified":"2026-01-26T16:11:12","modified_gmt":"2026-01-26T16:11:12","slug":"aviso-legal","status":"publish","type":"page","link":"https:\/\/lasker.com\/en\/aviso-legal\/","title":{"rendered":"Aviso legal"},"content":{"rendered":"\t\t<div data-elementor-type=\"wp-page\" data-elementor-id=\"2146\" class=\"elementor elementor-2146\" data-elementor-post-type=\"page\">\n\t\t\t\t<div class=\"elementor-element elementor-element-275c81e5 e-flex e-con-boxed e-con e-parent\" data-id=\"275c81e5\" data-element_type=\"container\" data-e-type=\"container\">\n\t\t\t\t\t<div class=\"e-con-inner\">\n\t\t\t\t<div class=\"elementor-element elementor-element-ff3d2c6 elementor-widget elementor-widget-heading\" data-id=\"ff3d2c6\" data-element_type=\"widget\" data-e-type=\"widget\" data-widget_type=\"heading.default\">\n\t\t\t\t\t<h2 class=\"elementor-heading-title elementor-size-default\">AVISO LEGAL<\/h2>\t\t\t\t<\/div>\n\t\t\t\t<div class=\"elementor-element elementor-element-6e94d596 elementor-widget elementor-widget-text-editor\" data-id=\"6e94d596\" data-element_type=\"widget\" data-e-type=\"widget\" data-widget_type=\"text-editor.default\">\n\t\t\t\t\t\t\t\t\t<p class=\"p2\"><b>CONDICIONES GENERALES DE UTILIZACI\u00d3N\u00a0DEL SITIO WEB DE SERVICIOS INTEGRADOS LASKER, S.L.\u00a0INFORMACI\u00d3N GENERAL<\/b><b><\/b><\/p>\n<p class=\"p2\">SERVICIOS INTEGRADOS LASKER, S.L. es una compa\u00f1\u00eda mercantil de nacionalidad espa\u00f1ola domiciliada en la Plaza de las Salesas n\u00ba 3 \u2013 3\u00ba dcha. 28004 Madrid, con C.I.F. B87850053 e inscrita en el Registro Mercantil de Madrid al Tomo 36064, folio 130, secci\u00f3n 8, hoja n\u00famero M-648065.<\/p>\n<p class=\"p2\"><b>lasker.com<\/b>\u00a0es un dominio en Internet cuya titularidad corresponde a SERVICIOS INTEGRADOS LASKER, S.L. y que contienen la p\u00e1gina o el sitio web al que se accede a trav\u00e9s de la URL\u00a0<span class=\"s3\">https:\/\/lasker.com\/<\/span><span class=\"s4\">\u00a0<\/span>. Los datos generales de contacto son la direcci\u00f3n de correo electr\u00f3nico\u00a0info@lasker.com\u00a0y el n\u00famero de tel\u00e9fono (+34) 910 88 55 50.<\/p>\n<p class=\"p2\"><b>OBJETO DE LAS PRESENTES CONDICIONES<\/b><b><\/b><\/p>\n<p class=\"p2\">Las presentes Condiciones Generales regulan el acceso y el uso del sitio web de SERVICIOS INTEGRADOS LASKER, S.L. Toda persona que acceda a este sitio web, acepta someterse a las Condiciones Generales vigentes en cada momento sin reserva alguna. Si no est\u00e1 de acuerdo con alguna de las condiciones contenidas en este aviso, deber\u00e1 dejar de utilizar la p\u00e1gina web de SERVICIOS INTEGRADOS LASKER, S.L.<\/p>\n<p class=\"p2\">SERVICIOS INTEGRADOS LASKER, S.L. se reserva el derecho de modificar, en cualquier momento y sin necesidad de previo aviso, las presentes Condiciones Generales o las Condiciones Particulares que pudieran establecerse en cada momento en relaci\u00f3n con alg\u00fan contenido espec\u00edfico.<\/p>\n<p class=\"p2\"><b>USO DEL SITIO WEB<\/b><b><\/b><\/p>\n<p class=\"p2\">El sitio<span class=\"s4\">\u00a0<\/span><span class=\"s3\">https:\/\/lasker.com<\/span>\u00a0\u2013 en adelante EL SITIO \u2013 no constituye una fuente de asesoramiento jur\u00eddico ni un medio para establecer una relaci\u00f3n profesional ni de ning\u00fan otro tipo entre cliente y abogado.<\/p>\n<p class=\"p2\">El uso de EL SITIO tendr\u00e1 car\u00e1cter gratuito, sin perjuicio del coste de conexi\u00f3n a trav\u00e9s de la correspondiente red de telecomunicaciones que tendr\u00e1 que soportar cada usuario para acceder a \u00e9l.<\/p>\n<p class=\"p2\">El usuario es consciente y acepta voluntaria y expresamente que el uso de EL SITIO\u00a0se realiza en todo caso bajo su \u00fanica y exclusiva responsabilidad.<\/p>\n<p class=\"p2\">En la utilizaci\u00f3n de EL SITIO, el usuario se compromete a no llevar a cabo ninguna conducta que pudiera da\u00f1ar la imagen, los intereses y los derechos de SERVICIOS INTEGRADOS LASKER, S.L. o de terceros o que pudiera da\u00f1ar, sobrecargar, mermar o impedir el normal uso de EL SITIO.<\/p>\n<p class=\"p2\">SERVICIOS INTEGRADOS LASKER, S.L. adopta medidas de seguridad razonablemente adecuadas para detectar la existencia de virus. No obstante, SERVICIOS INTEGRADOS LASKER, S.L. no puede garantizar la invulnerabilidad absoluta de sus sistemas de seguridad, por lo que excluye cualquier tipo de responsabilidad por da\u00f1os y perjuicios de toda naturaleza que puedan deberse a la presencia de virus u otros elementos que puedan producir alteraciones en el sistema inform\u00e1tico (software y hardware), documentos electr\u00f3nicos y ficheros del usuario o de cualquier tercero.<\/p>\n<p class=\"p2\">SERVICIOS INTEGRADOS LASKER, S.L. no es responsable de los fallos que se puedan producir en las comunicaciones, no garantizando la disponibilidad y continuidad del funcionamiento de su sitio web, ni la posible inexistencia de interrupciones o errores en el acceso a la p\u00e1gina web o a su contenido.<\/p>\n<p class=\"p2\"><b>CONTENIDOS<\/b><b><\/b><\/p>\n<p class=\"p2\">Los contenidos de EL SITIO\u00a0son puestos a disposici\u00f3n del usuario por SERVICIOS INTEGRADOS LASKER, S.L. \u00a0con informaci\u00f3n procedente tanto de fuentes propias como de terceros.<\/p>\n<p class=\"p2\">La inclusi\u00f3n de contenidos en EL SITIO\u00a0tiene car\u00e1cter meramente informativo y no constituye en modo alguno la prestaci\u00f3n de un servicio de asesoramiento jur\u00eddico.<\/p>\n<p class=\"p2\">SERVICIOS INTEGRADOS LASKER, S.L. se reserva el derecho de modificar, en cualquier momento y sin necesidad de previo aviso, la presentaci\u00f3n, configuraci\u00f3n y contenidos de EL SITIO.<\/p>\n<p class=\"p2\"><b>DERECHOS DE PROPIEDAD INTELECTUAL E INDUSTRIAL<\/b><b><\/b><\/p>\n<p class=\"p2\">Salvo indicaci\u00f3n expresa, el contenido de la p\u00e1gina web, im\u00e1genes, textos y datos, son propiedad de SERVICIOS INTEGRADOS LASKER, S.L., as\u00ed como su c\u00f3digo fuente, dise\u00f1o y estructura de navegaci\u00f3n. Corresponde a SERVICIOS INTEGRADOS LASKER, S.L. el ejercicio exclusivo de los derechos de explotaci\u00f3n de los mismos en cualquier forma, y en especial los derechos de reproducci\u00f3n, distribuci\u00f3n, comunicaci\u00f3n p\u00fablica y transformaci\u00f3n.<\/p>\n<p class=\"p2\">Todo este material est\u00e1 protegido por la legislaci\u00f3n de la propiedad intelectual y su uso indebido puede ser objeto de sanciones, incluso penales, por lo que el usuario deber\u00e1 respetar en todo momento todos los derechos de propiedad intelectual e industrial sobre EL SITIO, titularidad de SERVICIOS INTEGRADOS LASKER, S.L.<\/p>\n<p class=\"p2\">La consulta o descarga de contenidos de la p\u00e1gina web o de cualquier software no implicar\u00e1 la cesi\u00f3n de ning\u00fan derecho de propiedad intelectual o industrial sobre los mismos.<\/p>\n<p class=\"p2\">El usuario podr\u00e1 visualizar y obtener una copia privada temporal de los contenidos para su exclusivo uso personal y privado en sus sistemas inform\u00e1ticos (software y hardware), siempre que no sea con la finalidad de desarrollar actividades de car\u00e1cter comercial o profesional.<\/p>\n<p class=\"p2\"><b>HIPERENLACES Y SITIOS ENLAZADOS<\/b><b><\/b><\/p>\n<p class=\"p5\"><b><i>a)\u00a0Hiperenlaces<\/i><\/b><b><i><\/i><\/b><\/p>\n<p class=\"p2\">El usuario y, en general, cualquier persona f\u00edsica o jur\u00eddica que se proponga establecer un hiperenlace o dispositivo t\u00e9cnico de enlace desde su sitio web a EL SITIO\u00a0deber\u00e1 obtener una autorizaci\u00f3n previa y por escrito de SERVICIOS INTEGRADOS LASKER, S.L.<\/p>\n<p class=\"p2\">El establecimiento del hiperenlace no implica en ning\u00fan caso la existencia de relaciones entre SERVICIOS INTEGRADOS LASKER, S.L y el propietario del sitio o de la p\u00e1gina web en la que se establezca el hiperenlace, ni la aceptaci\u00f3n o aprobaci\u00f3n por parte de SERVICIOS INTEGRADOS LASKER, S.L. de sus contenidos o servicios.<\/p>\n<p class=\"p2\">En todo caso, SERVICIOS INTEGRADOS LASKER, S.L. se reserva el derecho de prohibir o inutilizar en cualquier momento cualquier hiperenlace a EL SITIO, especialmente en los supuestos de ilicitud de la actividad o contenidos del sitio web en el que se incluye el hiperenlace.<\/p>\n<p class=\"p5\"><b><i>b) Sitios Enlazados<\/i><\/b><b><i><\/i><\/b><\/p>\n<p class=\"p2\">EL SITIO\u00a0pone a disposici\u00f3n del usuario, \u00fanicamente para la b\u00fasqueda de, y acceso a, la informaci\u00f3n, contenidos y servicios disponibles en Internet, hiperenlaces o dispositivos t\u00e9cnicos de enlace, que permiten al usuario el acceso a sitios o portales de Internet pertenecientes a o gestionados por terceros.<\/p>\n<p class=\"p2\">SERVICIOS INTEGRADOS LASKER, S.L \u00a0no ofrece ni comercializa por s\u00ed ni por medio de terceros la informaci\u00f3n, contenidos y servicios disponibles en los sitios enlazados, ni aprueba, supervisa o controla en modo alguno los contenidos y servicios y cualquier material de cualquier naturaleza existente en los mismos, asumiendo el usuario de manera exclusiva toda la responsabilidad de la navegaci\u00f3n a trav\u00e9s de los mismos.<\/p>\n<p class=\"p2\">Asimismo, SERVICIOS INTEGRADOS LASKER, S.L no garantiza la ausencia de virus u otros elementos en los sitios enlazados que puedan producir alteraciones en el sistema inform\u00e1tico (hardware y software), en los documentos o los ficheros del usuario, excluyendo cualquier responsabilidad por los da\u00f1os de cualquier clase causados al usuario por este motivo.<\/p>\n<p class=\"p2\"><b>INFORMACI\u00d3N SOBRE DATOS DE CAR\u00c1CTER NO PERSONAL<\/b><b><\/b><\/p>\n<p class=\"p2\">Por el mero hecho de visitar EL SITIO\u00a0no queda registrado de forma autom\u00e1tica ning\u00fan dato de car\u00e1cter personal que identifique a un usuario. Sin embargo, existe determinada informaci\u00f3n de car\u00e1cter no personal y no identificable con un usuario concreto que se recoge y queda grabada en los servidores de Internet de SERVICIOS INTEGRADOS LASKER, S.L (por ejemplo, tipo de navegador de Internet del usuario, sistema operativo del usuario, direcci\u00f3n IP desde la que se accede a la p\u00e1gina web de EL SITIO) con el objeto de mejorar la navegaci\u00f3n del usuario y la gesti\u00f3n de EL SITIO.<\/p>\n<p class=\"p2\"><b>LEY APLICABLE Y JURISDICCI\u00d3N<\/b><b><\/b><\/p>\n<p class=\"p2\">Estas Condiciones Generales se rigen por la Ley espa\u00f1ola, siendo el fuero competente para la resoluci\u00f3n de cualquier controversia que pudiera derivarse del acceso o uso de EL SITIO los Juzgados y Tribunales de la ciudad de Madrid (Espa\u00f1a).<\/p>\n<p><!-- \/wp:paragraph --><\/p>\t\t\t\t\t\t\t\t<\/div>\n\t\t\t\t\t<\/div>\n\t\t\t\t<\/div>\n\t\t\t\t<\/div>\n\t\t","protected":false},"excerpt":{"rendered":"<p>AVISO LEGAL CONDICIONES GENERALES DE UTILIZACI\u00d3N\u00a0DEL SITIO WEB DE SERVICIOS INTEGRADOS LASKER, S.L.\u00a0INFORMACI\u00d3N GENERAL SERVICIOS INTEGRADOS LASKER, S.L. es una compa\u00f1\u00eda mercantil de nacionalidad espa\u00f1ola domiciliada en la Plaza de las Salesas n\u00ba 3 \u2013 3\u00ba dcha. 28004 Madrid, con C.I.F. B87850053 e inscrita en el Registro Mercantil de Madrid al Tomo 36064, folio 130, [&hellip;]<\/p>\n","protected":false},"author":1,"featured_media":0,"parent":0,"menu_order":10,"comment_status":"closed","ping_status":"closed","template":"","meta":{"footnotes":""},"class_list":["post-2146","page","type-page","status-publish","hentry"],"aioseo_notices":[],"_links":{"self":[{"href":"https:\/\/lasker.com\/en\/wp-json\/wp\/v2\/pages\/2146","targetHints":{"allow":["GET"]}}],"collection":[{"href":"https:\/\/lasker.com\/en\/wp-json\/wp\/v2\/pages"}],"about":[{"href":"https:\/\/lasker.com\/en\/wp-json\/wp\/v2\/types\/page"}],"author":[{"embeddable":true,"href":"https:\/\/lasker.com\/en\/wp-json\/wp\/v2\/users\/1"}],"replies":[{"embeddable":true,"href":"https:\/\/lasker.com\/en\/wp-json\/wp\/v2\/comments?post=2146"}],"version-history":[{"count":0,"href":"https:\/\/lasker.com\/en\/wp-json\/wp\/v2\/pages\/2146\/revisions"}],"wp:attachment":[{"href":"https:\/\/lasker.com\/en\/wp-json\/wp\/v2\/media?parent=2146"}],"curies":[{"name":"wp","href":"https:\/\/api.w.org\/{rel}","templated":true}]}}